{"id":9,"date":"2025-05-02T15:08:25","date_gmt":"2025-05-02T18:08:25","guid":{"rendered":"https:\/\/delicado.com.ar\/abogado2\/about\/"},"modified":"2025-06-06T10:48:39","modified_gmt":"2025-06-06T13:48:39","slug":"about","status":"publish","type":"page","link":"https:\/\/delicado.com.ar\/abogado2\/about\/","title":{"rendered":"About"},"content":{"rendered":"\t\t<div data-elementor-type=\"wp-post\" data-elementor-id=\"9\" class=\"elementor elementor-9\">\n\t\t\t\t<div class=\"elementor-element elementor-element-dac0d00 e-flex e-con-boxed e-con e-parent\" data-id=\"dac0d00\" data-element_type=\"container\" data-e-type=\"container\" data-settings=\"{&quot;background_background&quot;:&quot;classic&quot;}\">\n\t\t\t\t\t<div class=\"e-con-inner\">\n\t\t<div class=\"elementor-element elementor-element-bfb77f4 e-con-full e-flex e-con e-child\" data-id=\"bfb77f4\" data-element_type=\"container\" data-e-type=\"container\">\n\t\t\t\t<div class=\"elementor-element elementor-element-01f162c elementor-widget elementor-widget-heading\" data-id=\"01f162c\" data-element_type=\"widget\" data-e-type=\"widget\" data-widget_type=\"heading.default\">\n\t\t\t\t<div class=\"elementor-widget-container\">\n\t\t\t\t\t<h1 class=\"elementor-heading-title elementor-size-default\">Comprometidos con la excelencia legal<\/h1>\t\t\t\t<\/div>\n\t\t\t\t<\/div>\n\t\t\t\t<\/div>\n\t\t\t\t\t<\/div>\n\t\t\t\t<\/div>\n\t\t<div class=\"elementor-element elementor-element-fa51811 e-flex e-con-boxed e-con e-parent\" data-id=\"fa51811\" data-element_type=\"container\" data-e-type=\"container\">\n\t\t\t\t\t<div class=\"e-con-inner\">\n\t\t<div class=\"elementor-element elementor-element-0d44a3a e-con-full e-flex e-con e-child\" data-id=\"0d44a3a\" data-element_type=\"container\" data-e-type=\"container\">\n\t\t\t\t<div class=\"elementor-element elementor-element-4519751 elementor-widget elementor-widget-heading\" data-id=\"4519751\" data-element_type=\"widget\" data-e-type=\"widget\" data-widget_type=\"heading.default\">\n\t\t\t\t<div class=\"elementor-widget-container\">\n\t\t\t\t\t<h2 class=\"elementor-heading-title elementor-size-default\">\u00bfQuienes somos?<\/h2>\t\t\t\t<\/div>\n\t\t\t\t<\/div>\n\t\t\t\t<div class=\"elementor-element elementor-element-f14d19c elementor-widget elementor-widget-text-editor\" data-id=\"f14d19c\" data-element_type=\"widget\" data-e-type=\"widget\" data-widget_type=\"text-editor.default\">\n\t\t\t\t<div class=\"elementor-widget-container\">\n\t\t\t\t\t\t\t\t\t<p>Con una trayectoria construida sobre la confianza y los resultados, en <strong>NOMBRE<\/strong>\u00a0trabajamos cada d\u00eda para ofrecer un servicio legal integral, cercano y \u00e9tico. Nos enfocamos en entender a fondo las necesidades de nuestros clientes, porque sabemos que detr\u00e1s de cada caso hay una historia \u00fanica. Nuestra filosof\u00eda se basa en el respeto, la claridad en la comunicaci\u00f3n y la b\u00fasqueda constante de soluciones eficaces, siempre actuando con profesionalismo y responsabilidad.<\/p>\t\t\t\t\t\t\t\t<\/div>\n\t\t\t\t<\/div>\n\t\t\t\t<div class=\"elementor-element elementor-element-df536c1 elementor-widget elementor-widget-html\" data-id=\"df536c1\" data-element_type=\"widget\" data-e-type=\"widget\" data-widget_type=\"html.default\">\n\t\t\t\t<div class=\"elementor-widget-container\">\n\t\t\t\t\t<a href=\"https:\/\/delicado.com.ar\/abogado2\/contact\" style=\"display: inline-block; padding: 10px 25px; background-color: #b1966a; color: white; text-decoration: none; border-radius: 4px; font-weight: 600; transition: background-color 0.3s ease;\">CONTACTANOS<\/a>\t\t\t\t<\/div>\n\t\t\t\t<\/div>\n\t\t\t\t<\/div>\n\t\t<div class=\"elementor-element elementor-element-c8deb11 e-con-full e-flex e-con e-child\" data-id=\"c8deb11\" data-element_type=\"container\" data-e-type=\"container\" data-settings=\"{&quot;background_background&quot;:&quot;gradient&quot;}\">\n\t\t\t\t<div class=\"elementor-element elementor-element-e8aef4f elementor-widget elementor-widget-image\" data-id=\"e8aef4f\" data-element_type=\"widget\" data-e-type=\"widget\" data-widget_type=\"image.default\">\n\t\t\t\t<div class=\"elementor-widget-container\">\n\t\t\t\t\t\t\t\t\t\t\t\t\t\t\t<img fetchpriority=\"high\" decoding=\"async\" width=\"850\" height=\"616\" src=\"https:\/\/delicado.com.ar\/abogado2\/wp-content\/uploads\/sites\/41\/2020\/06\/three-women-sitting-beside-table.jpg\" class=\"attachment-full size-full wp-image-1265\" alt=\"\" srcset=\"https:\/\/delicado.com.ar\/abogado2\/wp-content\/uploads\/sites\/41\/2020\/06\/three-women-sitting-beside-table.jpg 850w, https:\/\/delicado.com.ar\/abogado2\/wp-content\/uploads\/sites\/41\/2020\/06\/three-women-sitting-beside-table-300x217.jpg 300w, https:\/\/delicado.com.ar\/abogado2\/wp-content\/uploads\/sites\/41\/2020\/06\/three-women-sitting-beside-table-768x557.jpg 768w\" sizes=\"(max-width: 850px) 100vw, 850px\" \/>\t\t\t\t\t\t\t\t\t\t\t\t\t\t\t<\/div>\n\t\t\t\t<\/div>\n\t\t\t\t<\/div>\n\t\t\t\t\t<\/div>\n\t\t\t\t<\/div>\n\t\t<div class=\"elementor-element elementor-element-05269f9 e-flex e-con-boxed e-con e-parent\" data-id=\"05269f9\" data-element_type=\"container\" data-e-type=\"container\" data-settings=\"{&quot;background_background&quot;:&quot;classic&quot;}\">\n\t\t\t\t\t<div class=\"e-con-inner\">\n\t\t<div class=\"elementor-element elementor-element-125e5b1 e-con-full e-flex e-con e-child\" data-id=\"125e5b1\" data-element_type=\"container\" data-e-type=\"container\">\n\t\t\t\t<div class=\"elementor-element elementor-element-07ecb42 elementor-widget elementor-widget-icon-box\" data-id=\"07ecb42\" data-element_type=\"widget\" data-e-type=\"widget\" data-widget_type=\"icon-box.default\">\n\t\t\t\t<div class=\"elementor-widget-container\">\n\t\t\t\t\t\t\t<div class=\"elementor-icon-box-wrapper\">\n\n\t\t\t\n\t\t\t\t\t\t<div class=\"elementor-icon-box-content\">\n\n\t\t\t\t\t\t\t\t\t<h5 class=\"elementor-icon-box-title\">\n\t\t\t\t\t\t<span  >\n\t\t\t\t\t\t\tNuestra Visi\u00f3n\t\t\t\t\t\t<\/span>\n\t\t\t\t\t<\/h5>\n\t\t\t\t\n\t\t\t\t\t\t\t\t\t<p class=\"elementor-icon-box-description\">\n\t\t\t\t\t\tConvertirnos en un referente legal, reconocidos por nuestra \u00e9tica, resultados y cercan\u00eda con nuestros clientes\t\t\t\t\t<\/p>\n\t\t\t\t\n\t\t\t<\/div>\n\t\t\t\n\t\t<\/div>\n\t\t\t\t\t\t<\/div>\n\t\t\t\t<\/div>\n\t\t\t\t<\/div>\n\t\t<div class=\"elementor-element elementor-element-63de7ea e-con-full e-flex e-con e-child\" data-id=\"63de7ea\" data-element_type=\"container\" data-e-type=\"container\">\n\t\t\t\t<div class=\"elementor-element elementor-element-b626cdc elementor-widget elementor-widget-icon-box\" data-id=\"b626cdc\" data-element_type=\"widget\" data-e-type=\"widget\" data-widget_type=\"icon-box.default\">\n\t\t\t\t<div class=\"elementor-widget-container\">\n\t\t\t\t\t\t\t<div class=\"elementor-icon-box-wrapper\">\n\n\t\t\t\n\t\t\t\t\t\t<div class=\"elementor-icon-box-content\">\n\n\t\t\t\t\t\t\t\t\t<h5 class=\"elementor-icon-box-title\">\n\t\t\t\t\t\t<span  >\n\t\t\t\t\t\t\tNuestra Misi\u00f3n\t\t\t\t\t\t<\/span>\n\t\t\t\t\t<\/h5>\n\t\t\t\t\n\t\t\t\t\t\t\t\t\t<p class=\"elementor-icon-box-description\">\n\t\t\t\t\t\tBrindar asesor\u00eda legal efectiva, transparente y emp\u00e1tica, defendiendo los derechos e intereses de cada persona.\t\t\t\t\t<\/p>\n\t\t\t\t\n\t\t\t<\/div>\n\t\t\t\n\t\t<\/div>\n\t\t\t\t\t\t<\/div>\n\t\t\t\t<\/div>\n\t\t\t\t<\/div>\n\t\t<div class=\"elementor-element elementor-element-814902b e-con-full e-flex e-con e-child\" data-id=\"814902b\" data-element_type=\"container\" data-e-type=\"container\">\n\t\t\t\t<div class=\"elementor-element elementor-element-71abeb3 elementor-widget elementor-widget-icon-box\" data-id=\"71abeb3\" data-element_type=\"widget\" data-e-type=\"widget\" data-widget_type=\"icon-box.default\">\n\t\t\t\t<div class=\"elementor-widget-container\">\n\t\t\t\t\t\t\t<div class=\"elementor-icon-box-wrapper\">\n\n\t\t\t\n\t\t\t\t\t\t<div class=\"elementor-icon-box-content\">\n\n\t\t\t\t\t\t\t\t\t<h5 class=\"elementor-icon-box-title\">\n\t\t\t\t\t\t<span  >\n\t\t\t\t\t\t\tNuestros Valores\t\t\t\t\t\t<\/span>\n\t\t\t\t\t<\/h5>\n\t\t\t\t\n\t\t\t\t\t\t\t\t\t<p class=\"elementor-icon-box-description\">\n\t\t\t\t\t\tIntegridad, compromiso, profesionalismo, confidencialidad, responsabilidad social y respeto por cada persona que conf\u00eda en nosotros.\t\t\t\t\t<\/p>\n\t\t\t\t\n\t\t\t<\/div>\n\t\t\t\n\t\t<\/div>\n\t\t\t\t\t\t<\/div>\n\t\t\t\t<\/div>\n\t\t\t\t<\/div>\n\t\t\t\t\t<\/div>\n\t\t\t\t<\/div>\n\t\t<div class=\"elementor-element elementor-element-599a5ef1 e-flex e-con-boxed e-con e-parent\" data-id=\"599a5ef1\" data-element_type=\"container\" data-e-type=\"container\">\n\t\t\t\t\t<div class=\"e-con-inner\">\n\t\t<div class=\"elementor-element elementor-element-1d1173b2 e-con-full e-flex e-con e-child\" data-id=\"1d1173b2\" data-element_type=\"container\" data-e-type=\"container\">\n\t\t\t\t<div class=\"elementor-element elementor-element-3c328bac elementor-widget elementor-widget-heading\" data-id=\"3c328bac\" data-element_type=\"widget\" data-e-type=\"widget\" data-widget_type=\"heading.default\">\n\t\t\t\t<div class=\"elementor-widget-container\">\n\t\t\t\t\t<h2 class=\"elementor-heading-title elementor-size-default\"><a href=\"#\">11 1234-5678<\/a><\/h2>\t\t\t\t<\/div>\n\t\t\t\t<\/div>\n\t\t\t\t<div class=\"elementor-element elementor-element-71ca721c elementor-widget-divider--view-line_text elementor-widget-divider--element-align-center elementor-widget elementor-widget-divider\" data-id=\"71ca721c\" data-element_type=\"widget\" data-e-type=\"widget\" data-widget_type=\"divider.default\">\n\t\t\t\t<div class=\"elementor-widget-container\">\n\t\t\t\t\t\t\t<div class=\"elementor-divider\">\n\t\t\t<span class=\"elementor-divider-separator\">\n\t\t\t\t\t\t<\/span>\n\t\t<\/div>\n\t\t\t\t\t\t<\/div>\n\t\t\t\t<\/div>\n\t\t\t\t<div class=\"elementor-element elementor-element-2106351 elementor-widget elementor-widget-heading\" data-id=\"2106351\" data-element_type=\"widget\" data-e-type=\"widget\" data-widget_type=\"heading.default\">\n\t\t\t\t<div class=\"elementor-widget-container\">\n\t\t\t\t\t<h3 class=\"elementor-heading-title elementor-size-default\">Contactanos gratis<\/h3>\t\t\t\t<\/div>\n\t\t\t\t<\/div>\n\t\t\t\t<div class=\"elementor-element elementor-element-34376ee elementor-widget elementor-widget-html\" data-id=\"34376ee\" data-element_type=\"widget\" data-e-type=\"widget\" data-widget_type=\"html.default\">\n\t\t\t\t<div class=\"elementor-widget-container\">\n\t\t\t\t\t<a href=\"https:\/\/delicado.com.ar\/abogado2\/contact\" style=\"display: inline-block; padding: 10px 25px; background-color: #b1966a; color: white; text-decoration: none; border-radius: 4px; font-weight: 600; transition: background-color 0.3s ease;\">CONTACTANOS<\/a>\t\t\t\t<\/div>\n\t\t\t\t<\/div>\n\t\t\t\t<\/div>\n\t\t\t\t\t<\/div>\n\t\t\t\t<\/div>\n\t\t\t\t<\/div>\n\t\t","protected":false},"excerpt":{"rendered":"<p>Comprometidos con la excelencia legal \u00bfQuienes somos? Con una trayectoria construida sobre la confianza y los resultados, en \u00a0trabajamos cada d\u00eda para ofrecer un servicio legal integral, cercano y \u00e9tico. Nos enfocamos en entender a fondo las necesidades de nuestros clientes, porque sabemos que detr\u00e1s de cada caso hay una historia \u00fanica. Nuestra filosof\u00eda se [&hellip;]<\/p>\n","protected":false},"author":1,"featured_media":0,"parent":0,"menu_order":0,"comment_status":"closed","ping_status":"closed","template":"","meta":{"_acf_changed":false,"site-sidebar-layout":"no-sidebar","site-content-layout":"page-builder","ast-site-content-layout":"default","site-content-style":"default","site-sidebar-style":"default","ast-global-header-display":"","ast-banner-title-visibility":"","ast-main-header-display":"","ast-hfb-above-header-display":"","ast-hfb-below-header-display":"","ast-hfb-mobile-header-display":"","site-post-title":"disabled","ast-breadcrumbs-content":"","ast-featured-img":"","footer-sml-layout":"","ast-disable-related-posts":"","theme-transparent-header-meta":"enabled","adv-header-id-meta":"","stick-header-meta":"","header-above-stick-meta":"","header-main-stick-meta":"","header-below-stick-meta":"","astra-migrate-meta-layouts":"default","ast-page-background-enabled":"default","ast-page-background-meta":{"desktop":{"background-color":"","background-image":"","background-repeat":"repeat","background-position":"center center","background-size":"auto","background-attachment":"scroll","background-type":"","background-media":"","overlay-type":"","overlay-color":"","overlay-opacity":"","overlay-gradient":""},"tablet":{"background-color":"","background-image":"","background-repeat":"repeat","background-position":"center center","background-size":"auto","background-attachment":"scroll","background-type":"","background-media":"","overlay-type":"","overlay-color":"","overlay-opacity":"","overlay-gradient":""},"mobile":{"background-color":"","background-image":"","background-repeat":"repeat","background-position":"center center","background-size":"auto","background-attachment":"scroll","background-type":"","background-media":"","overlay-type":"","overlay-color":"","overlay-opacity":"","overlay-gradient":""}},"ast-content-background-meta":{"desktop":{"background-color":"var(--ast-global-color-5)","background-image":"","background-repeat":"repeat","background-position":"center center","background-size":"auto","background-attachment":"scroll","background-type":"","background-media":"","overlay-type":"","overlay-color":"","overlay-opacity":"","overlay-gradient":""},"tablet":{"background-color":"var(--ast-global-color-5)","background-image":"","background-repeat":"repeat","background-position":"center center","background-size":"auto","background-attachment":"scroll","background-type":"","background-media":"","overlay-type":"","overlay-color":"","overlay-opacity":"","overlay-gradient":""},"mobile":{"background-color":"var(--ast-global-color-5)","background-image":"","background-repeat":"repeat","background-position":"center center","background-size":"auto","background-attachment":"scroll","background-type":"","background-media":"","overlay-type":"","overlay-color":"","overlay-opacity":"","overlay-gradient":""}},"footnotes":""},"class_list":["post-9","page","type-page","status-publish","hentry"],"yoast_head":"<!-- This site is optimized with the Yoast SEO plugin v27.4 - https:\/\/yoast.com\/product\/yoast-seo-wordpress\/ -->\n<title>About - abogado2<\/title>\n<meta name=\"robots\" content=\"index, follow, max-snippet:-1, max-image-preview:large, max-video-preview:-1\" \/>\n<link rel=\"canonical\" href=\"https:\/\/delicado.com.ar\/abogado2\/about\/\" \/>\n<meta property=\"og:locale\" content=\"en_US\" \/>\n<meta property=\"og:type\" content=\"article\" \/>\n<meta property=\"og:title\" content=\"About - abogado2\" \/>\n<meta property=\"og:description\" content=\"Comprometidos con la excelencia legal \u00bfQuienes somos? Con una trayectoria construida sobre la confianza y los resultados, en \u00a0trabajamos cada d\u00eda para ofrecer un servicio legal integral, cercano y \u00e9tico. Nos enfocamos en entender a fondo las necesidades de nuestros clientes, porque sabemos que detr\u00e1s de cada caso hay una historia \u00fanica. Nuestra filosof\u00eda se [&hellip;]\" \/>\n<meta property=\"og:url\" content=\"https:\/\/delicado.com.ar\/abogado2\/about\/\" \/>\n<meta property=\"og:site_name\" content=\"abogado2\" \/>\n<meta property=\"article:modified_time\" content=\"2025-06-06T13:48:39+00:00\" \/>\n<meta property=\"og:image\" content=\"https:\/\/delicado.com.ar\/abogado2\/wp-content\/uploads\/sites\/41\/2020\/06\/three-women-sitting-beside-table.jpg\" \/>\n\t<meta property=\"og:image:width\" content=\"850\" \/>\n\t<meta property=\"og:image:height\" content=\"616\" \/>\n\t<meta property=\"og:image:type\" content=\"image\/jpeg\" \/>\n<meta name=\"twitter:card\" content=\"summary_large_image\" \/>\n<meta name=\"twitter:label1\" content=\"Est. reading time\" \/>\n\t<meta name=\"twitter:data1\" content=\"1 minute\" \/>\n<script type=\"application\/ld+json\" class=\"yoast-schema-graph\">{\"@context\":\"https:\\\/\\\/schema.org\",\"@graph\":[{\"@type\":\"WebPage\",\"@id\":\"https:\\\/\\\/delicado.com.ar\\\/abogado2\\\/about\\\/\",\"url\":\"https:\\\/\\\/delicado.com.ar\\\/abogado2\\\/about\\\/\",\"name\":\"About - abogado2\",\"isPartOf\":{\"@id\":\"https:\\\/\\\/delicado.com.ar\\\/abogado2\\\/#website\"},\"primaryImageOfPage\":{\"@id\":\"https:\\\/\\\/delicado.com.ar\\\/abogado2\\\/about\\\/#primaryimage\"},\"image\":{\"@id\":\"https:\\\/\\\/delicado.com.ar\\\/abogado2\\\/about\\\/#primaryimage\"},\"thumbnailUrl\":\"https:\\\/\\\/delicado.com.ar\\\/abogado2\\\/wp-content\\\/uploads\\\/sites\\\/41\\\/2020\\\/06\\\/three-women-sitting-beside-table.jpg\",\"datePublished\":\"2025-05-02T18:08:25+00:00\",\"dateModified\":\"2025-06-06T13:48:39+00:00\",\"breadcrumb\":{\"@id\":\"https:\\\/\\\/delicado.com.ar\\\/abogado2\\\/about\\\/#breadcrumb\"},\"inLanguage\":\"en-US\",\"potentialAction\":[{\"@type\":\"ReadAction\",\"target\":[\"https:\\\/\\\/delicado.com.ar\\\/abogado2\\\/about\\\/\"]}]},{\"@type\":\"ImageObject\",\"inLanguage\":\"en-US\",\"@id\":\"https:\\\/\\\/delicado.com.ar\\\/abogado2\\\/about\\\/#primaryimage\",\"url\":\"https:\\\/\\\/delicado.com.ar\\\/abogado2\\\/wp-content\\\/uploads\\\/sites\\\/41\\\/2020\\\/06\\\/three-women-sitting-beside-table.jpg\",\"contentUrl\":\"https:\\\/\\\/delicado.com.ar\\\/abogado2\\\/wp-content\\\/uploads\\\/sites\\\/41\\\/2020\\\/06\\\/three-women-sitting-beside-table.jpg\",\"width\":850,\"height\":616},{\"@type\":\"BreadcrumbList\",\"@id\":\"https:\\\/\\\/delicado.com.ar\\\/abogado2\\\/about\\\/#breadcrumb\",\"itemListElement\":[{\"@type\":\"ListItem\",\"position\":1,\"name\":\"Inicio\",\"item\":\"https:\\\/\\\/delicado.com.ar\\\/abogado2\\\/\"},{\"@type\":\"ListItem\",\"position\":2,\"name\":\"About\"}]},{\"@type\":\"WebSite\",\"@id\":\"https:\\\/\\\/delicado.com.ar\\\/abogado2\\\/#website\",\"url\":\"https:\\\/\\\/delicado.com.ar\\\/abogado2\\\/\",\"name\":\"abogado2\",\"description\":\"Multisite\",\"publisher\":{\"@id\":\"https:\\\/\\\/delicado.com.ar\\\/abogado2\\\/#organization\"},\"potentialAction\":[{\"@type\":\"SearchAction\",\"target\":{\"@type\":\"EntryPoint\",\"urlTemplate\":\"https:\\\/\\\/delicado.com.ar\\\/abogado2\\\/?s={search_term_string}\"},\"query-input\":{\"@type\":\"PropertyValueSpecification\",\"valueRequired\":true,\"valueName\":\"search_term_string\"}}],\"inLanguage\":\"en-US\"},{\"@type\":\"Organization\",\"@id\":\"https:\\\/\\\/delicado.com.ar\\\/abogado2\\\/#organization\",\"name\":\"abogado2\",\"url\":\"https:\\\/\\\/delicado.com.ar\\\/abogado2\\\/\",\"logo\":{\"@type\":\"ImageObject\",\"inLanguage\":\"en-US\",\"@id\":\"https:\\\/\\\/delicado.com.ar\\\/abogado2\\\/#\\\/schema\\\/logo\\\/image\\\/\",\"url\":\"https:\\\/\\\/delicado.com.ar\\\/abogado2\\\/wp-content\\\/uploads\\\/sites\\\/41\\\/2020\\\/05\\\/Logo-Prime-Lawyers-black.png\",\"contentUrl\":\"https:\\\/\\\/delicado.com.ar\\\/abogado2\\\/wp-content\\\/uploads\\\/sites\\\/41\\\/2020\\\/05\\\/Logo-Prime-Lawyers-black.png\",\"width\":290,\"height\":64,\"caption\":\"abogado2\"},\"image\":{\"@id\":\"https:\\\/\\\/delicado.com.ar\\\/abogado2\\\/#\\\/schema\\\/logo\\\/image\\\/\"}}]}<\/script>\n<!-- \/ Yoast SEO plugin. -->","yoast_head_json":{"title":"About - abogado2","robots":{"index":"index","follow":"follow","max-snippet":"max-snippet:-1","max-image-preview":"max-image-preview:large","max-video-preview":"max-video-preview:-1"},"canonical":"https:\/\/delicado.com.ar\/abogado2\/about\/","og_locale":"en_US","og_type":"article","og_title":"About - abogado2","og_description":"Comprometidos con la excelencia legal \u00bfQuienes somos? Con una trayectoria construida sobre la confianza y los resultados, en \u00a0trabajamos cada d\u00eda para ofrecer un servicio legal integral, cercano y \u00e9tico. Nos enfocamos en entender a fondo las necesidades de nuestros clientes, porque sabemos que detr\u00e1s de cada caso hay una historia \u00fanica. Nuestra filosof\u00eda se [&hellip;]","og_url":"https:\/\/delicado.com.ar\/abogado2\/about\/","og_site_name":"abogado2","article_modified_time":"2025-06-06T13:48:39+00:00","og_image":[{"width":850,"height":616,"url":"https:\/\/delicado.com.ar\/abogado2\/wp-content\/uploads\/sites\/41\/2020\/06\/three-women-sitting-beside-table.jpg","type":"image\/jpeg"}],"twitter_card":"summary_large_image","twitter_misc":{"Est. reading time":"1 minute"},"schema":{"@context":"https:\/\/schema.org","@graph":[{"@type":"WebPage","@id":"https:\/\/delicado.com.ar\/abogado2\/about\/","url":"https:\/\/delicado.com.ar\/abogado2\/about\/","name":"About - abogado2","isPartOf":{"@id":"https:\/\/delicado.com.ar\/abogado2\/#website"},"primaryImageOfPage":{"@id":"https:\/\/delicado.com.ar\/abogado2\/about\/#primaryimage"},"image":{"@id":"https:\/\/delicado.com.ar\/abogado2\/about\/#primaryimage"},"thumbnailUrl":"https:\/\/delicado.com.ar\/abogado2\/wp-content\/uploads\/sites\/41\/2020\/06\/three-women-sitting-beside-table.jpg","datePublished":"2025-05-02T18:08:25+00:00","dateModified":"2025-06-06T13:48:39+00:00","breadcrumb":{"@id":"https:\/\/delicado.com.ar\/abogado2\/about\/#breadcrumb"},"inLanguage":"en-US","potentialAction":[{"@type":"ReadAction","target":["https:\/\/delicado.com.ar\/abogado2\/about\/"]}]},{"@type":"ImageObject","inLanguage":"en-US","@id":"https:\/\/delicado.com.ar\/abogado2\/about\/#primaryimage","url":"https:\/\/delicado.com.ar\/abogado2\/wp-content\/uploads\/sites\/41\/2020\/06\/three-women-sitting-beside-table.jpg","contentUrl":"https:\/\/delicado.com.ar\/abogado2\/wp-content\/uploads\/sites\/41\/2020\/06\/three-women-sitting-beside-table.jpg","width":850,"height":616},{"@type":"BreadcrumbList","@id":"https:\/\/delicado.com.ar\/abogado2\/about\/#breadcrumb","itemListElement":[{"@type":"ListItem","position":1,"name":"Inicio","item":"https:\/\/delicado.com.ar\/abogado2\/"},{"@type":"ListItem","position":2,"name":"About"}]},{"@type":"WebSite","@id":"https:\/\/delicado.com.ar\/abogado2\/#website","url":"https:\/\/delicado.com.ar\/abogado2\/","name":"abogado2","description":"Multisite","publisher":{"@id":"https:\/\/delicado.com.ar\/abogado2\/#organization"},"potentialAction":[{"@type":"SearchAction","target":{"@type":"EntryPoint","urlTemplate":"https:\/\/delicado.com.ar\/abogado2\/?s={search_term_string}"},"query-input":{"@type":"PropertyValueSpecification","valueRequired":true,"valueName":"search_term_string"}}],"inLanguage":"en-US"},{"@type":"Organization","@id":"https:\/\/delicado.com.ar\/abogado2\/#organization","name":"abogado2","url":"https:\/\/delicado.com.ar\/abogado2\/","logo":{"@type":"ImageObject","inLanguage":"en-US","@id":"https:\/\/delicado.com.ar\/abogado2\/#\/schema\/logo\/image\/","url":"https:\/\/delicado.com.ar\/abogado2\/wp-content\/uploads\/sites\/41\/2020\/05\/Logo-Prime-Lawyers-black.png","contentUrl":"https:\/\/delicado.com.ar\/abogado2\/wp-content\/uploads\/sites\/41\/2020\/05\/Logo-Prime-Lawyers-black.png","width":290,"height":64,"caption":"abogado2"},"image":{"@id":"https:\/\/delicado.com.ar\/abogado2\/#\/schema\/logo\/image\/"}}]}},"acf":[],"rttpg_featured_image_url":null,"rttpg_author":{"display_name":"therealorueuziel@gmail.com","author_link":"https:\/\/delicado.com.ar\/abogado2\/author\/therealorueuzielgmail-com\/"},"rttpg_comment":0,"rttpg_category":null,"rttpg_excerpt":"Comprometidos con la excelencia legal \u00bfQuienes somos? Con una trayectoria construida sobre la confianza y los resultados, en \u00a0trabajamos cada d\u00eda para ofrecer un servicio legal integral, cercano y \u00e9tico. Nos enfocamos en entender a fondo las necesidades de nuestros clientes, porque sabemos que detr\u00e1s de cada caso hay una historia \u00fanica. Nuestra filosof\u00eda se&hellip;","_links":{"self":[{"href":"https:\/\/delicado.com.ar\/abogado2\/wp-json\/wp\/v2\/pages\/9","targetHints":{"allow":["GET"]}}],"collection":[{"href":"https:\/\/delicado.com.ar\/abogado2\/wp-json\/wp\/v2\/pages"}],"about":[{"href":"https:\/\/delicado.com.ar\/abogado2\/wp-json\/wp\/v2\/types\/page"}],"author":[{"embeddable":true,"href":"https:\/\/delicado.com.ar\/abogado2\/wp-json\/wp\/v2\/users\/1"}],"replies":[{"embeddable":true,"href":"https:\/\/delicado.com.ar\/abogado2\/wp-json\/wp\/v2\/comments?post=9"}],"version-history":[{"count":21,"href":"https:\/\/delicado.com.ar\/abogado2\/wp-json\/wp\/v2\/pages\/9\/revisions"}],"predecessor-version":[{"id":2721,"href":"https:\/\/delicado.com.ar\/abogado2\/wp-json\/wp\/v2\/pages\/9\/revisions\/2721"}],"wp:attachment":[{"href":"https:\/\/delicado.com.ar\/abogado2\/wp-json\/wp\/v2\/media?parent=9"}],"curies":[{"name":"wp","href":"https:\/\/api.w.org\/{rel}","templated":true}]}}